{"id":97,"date":"2018-02-28T11:07:35","date_gmt":"2018-02-28T11:07:35","guid":{"rendered":"https:\/\/www.der-bienenfreund.de\/wordpress\/?page_id=97"},"modified":"2019-02-01T17:20:23","modified_gmt":"2019-02-01T17:20:23","slug":"idee-2","status":"publish","type":"page","link":"https:\/\/www.der-bienenfreund.de\/wordpress\/idee-2\/","title":{"rendered":"Idee"},"content":{"rendered":"<h3>Die Idee hinter dieser Webseite<\/h3>\n<div id=\"attachment_47\" style=\"width: 235px\" class=\"wp-caption alignright\"><img loading=\"lazy\" decoding=\"async\" aria-describedby=\"caption-attachment-47\" src=\"https:\/\/www.der-bienenfreund.de\/wordpress\/wp-content\/uploads\/2018\/02\/BILD5805-225x300.jpg\" alt=\"\" class=\"wp-image-47 size-medium\" width=\"225\" height=\"300\" srcset=\"https:\/\/www.der-bienenfreund.de\/wordpress\/wp-content\/uploads\/2018\/02\/BILD5805-225x300.jpg 225w, https:\/\/www.der-bienenfreund.de\/wordpress\/wp-content\/uploads\/2018\/02\/BILD5805-768x1024.jpg 768w\" sizes=\"auto, (max-width: 225px) 100vw, 225px\" \/><p id=\"caption-attachment-47\" class=\"wp-caption-text\">Wabenbau in einer &#8222;Bienenkiste&#8220; &#8211; von den Bienen verlassen<\/p><\/div>\n<p>Die Honigbienen leisten in der Natur vielf\u00e4ltige, wertvolle und unersetzliche Aufgaben.<\/p>\n<p>Das Bienenleben bietet eine unersch\u00f6pfliche F\u00fclle spannender und h\u00f6chst interessanter Wahrnehmungen und Informationen. F\u00fcr viele Fragen \u00fcber das Leben und seine Ausdrucksformen finden sich in den Geheimnissen des Bienenlebens wertvolle Antworten.<\/p>\n<p>Nicht jeder Mensch kann indes ein Imker oder Bienenpfleger sein &#8211; aber je mehr Menschen vertraut sind mit dem Wesen und Wirken der Honigbienen, desto besser kann f\u00fcr sie gesorgt werden und desto besser k\u00f6nnen sie ihre Aufgabe im Leben der Natur erf\u00fcllen. Dadurch wird sich leise auch der Blick auf die Natur und die Lebenszusammenh\u00e4nge ver\u00e4ndern und dadurch die Chance f\u00fcr ein ver\u00e4ndertes Handeln wachsen.<\/p>\n<p><a href=\"https:\/\/www.der-bienenfreund.de\/wordpress\/wp-content\/uploads\/2018\/02\/Der-Bienenfreund.jpg\" target=\"_blank\" rel=\"noopener\">Das Bild &#8222;Der Bienenfreund&#8220; von Hans Thoma<\/a> zeigt eine tiefe innere Hinwendung des Menschen zum Wesen der Bienen.<\/p>\n<p>Die Internetpr\u00e4senz &#8222;<a href=\"https:\/\/www.der-bienenfreund.de\">Der Bienenfreund<\/a>&#8220; will au\u00dferdem auf meine Arbeit als Imker und als Fachberater und Referent sowie als Autor aufmerksam machen.<br \/>\nHier werden Inhalte, Angebote und M\u00f6glichkeiten aufgezeigt, sich dem Wesen der Bienen vertraut zu machen; sowohl f\u00fcr Imker oder Menschen, die sich die Bienenhaltung als Lebensinhalt suchen wollen als auch f\u00fcr Menschen, die nicht Imker sein k\u00f6nnen oder wollen.<\/p>\n<p>Mit diesem Ziel werden sich diese Seiten nach und nach immer weiter entfalten.<\/p>\n<p>&nbsp;<\/p>\n","protected":false},"excerpt":{"rendered":"<p>Die Idee hinter dieser Webseite Die Honigbienen leisten in der Natur vielf\u00e4ltige, wertvolle und unersetzliche Aufgaben. Das Bienenleben bietet eine unersch\u00f6pfliche F\u00fclle spannender und h\u00f6chst interessanter Wahrnehmungen und Informationen. F\u00fcr viele Fragen \u00fcber das Leben und seine Ausdrucksformen finden sich in den Geheimnissen des Bienenlebens wertvolle Antworten. Nicht jeder Mensch [&hellip;]<\/p>\n","protected":false},"author":1,"featured_media":62,"parent":0,"menu_order":0,"comment_status":"closed","ping_status":"closed","template":"page-templates\/template-fullwidth.php","meta":{"footnotes":""},"class_list":["post-97","page","type-page","status-publish","has-post-thumbnail","hentry"],"_links":{"self":[{"href":"https:\/\/www.der-bienenfreund.de\/wordpress\/wp-json\/wp\/v2\/pages\/97","targetHints":{"allow":["GET"]}}],"collection":[{"href":"https:\/\/www.der-bienenfreund.de\/wordpress\/wp-json\/wp\/v2\/pages"}],"about":[{"href":"https:\/\/www.der-bienenfreund.de\/wordpress\/wp-json\/wp\/v2\/types\/page"}],"author":[{"embeddable":true,"href":"https:\/\/www.der-bienenfreund.de\/wordpress\/wp-json\/wp\/v2\/users\/1"}],"replies":[{"embeddable":true,"href":"https:\/\/www.der-bienenfreund.de\/wordpress\/wp-json\/wp\/v2\/comments?post=97"}],"version-history":[{"count":18,"href":"https:\/\/www.der-bienenfreund.de\/wordpress\/wp-json\/wp\/v2\/pages\/97\/revisions"}],"predecessor-version":[{"id":784,"href":"https:\/\/www.der-bienenfreund.de\/wordpress\/wp-json\/wp\/v2\/pages\/97\/revisions\/784"}],"wp:featuredmedia":[{"embeddable":true,"href":"https:\/\/www.der-bienenfreund.de\/wordpress\/wp-json\/wp\/v2\/media\/62"}],"wp:attachment":[{"href":"https:\/\/www.der-bienenfreund.de\/wordpress\/wp-json\/wp\/v2\/media?parent=97"}],"curies":[{"name":"wp","href":"https:\/\/api.w.org\/{rel}","templated":true}]}}