{"id":823,"date":"2019-02-02T18:06:40","date_gmt":"2019-02-02T18:06:40","guid":{"rendered":"https:\/\/www.der-bienenfreund.de\/?page_id=823"},"modified":"2023-10-09T08:20:51","modified_gmt":"2023-10-09T07:20:51","slug":"weiteres-zum-buch","status":"publish","type":"page","link":"https:\/\/www.der-bienenfreund.de\/wordpress\/weiteres-zum-buch\/","title":{"rendered":"Weiteres zum Buch"},"content":{"rendered":"<p>Im September 2006 erschien die <strong>\u00dcbersetzung des Buches ins Englische<\/strong> <img loading=\"lazy\" decoding=\"async\" src=\"https:\/\/www.der-bienenfreund.de\/wordpress\/wp-content\/uploads\/2019\/01\/WeilerM2019-TheSecretofBees-Cover-192x300.jpg\" alt=\"\" class=\"alignright wp-image-703\" width=\"119\" height=\"186\" srcset=\"https:\/\/www.der-bienenfreund.de\/wordpress\/wp-content\/uploads\/2019\/01\/WeilerM2019-TheSecretofBees-Cover-192x300.jpg 192w, https:\/\/www.der-bienenfreund.de\/wordpress\/wp-content\/uploads\/2019\/01\/WeilerM2019-TheSecretofBees-Cover-654x1024.jpg 654w, https:\/\/www.der-bienenfreund.de\/wordpress\/wp-content\/uploads\/2019\/01\/WeilerM2019-TheSecretofBees-Cover.jpg 766w\" sizes=\"auto, (max-width: 119px) 100vw, 119px\" \/>unter dem Titel \u2028&#8220;<a href=\"http:\/\/florisbooks.co.uk\/book\/Michael-Weiler\/Bees+and+Honey%2C+from+Flower+to+Jar\/9780863155758\" target=\"_blank\" rel=\"noopener\">Bees and Honey &#8211; from Flower to Jar<\/a>&#8220;<\/p>\n<p>Der Verlag <a href=\"https:\/\/www.florisbooks.co.uk\/index.php\" target=\"_blank\" rel=\"noopener\">Floris Books<\/a> in\u2028 15 Harrison Gardens in \u2028Edinburgh<br \/>\nhat im Fr\u00fchjahr 2019 das Buch in einer <strong>Neuherausgabe unter neuem Titel<\/strong> verlegt:<br \/>\n&#8222;<a href=\"https:\/\/www.florisbooks.co.uk\/book\/Michael-Weiler\/Secrets+of+Bees\/9781782505808\" target=\"_blank\" rel=\"noopener\">The Secrets of Bees &#8211; An insider&#8217;s guide to the life of honeybees<\/a>&#8220;<\/p>\n<p>&nbsp;<\/p>\n<p><strong>Gleicher Titel &#8211; anderer Inhalt:<\/strong><br \/>\nIm Juni 2015 ist ganz neu ein Buch mit gleichem Titel erschienen, auf das ich hier auch hinweisen m\u00f6chte &#8211; es handelt sich dabei um eine Herausgabe der teils \u00fcberarbeiteten Vortr\u00e4ge einer Tagung &#8222;<a href=\"http:\/\/wegman-verlag.de\/images\/bienen.pdf\" target=\"_blank\" rel=\"noopener\">Der Mensch und die Bienen<\/a>&#8220; die am 25. + 26. Oktober 2014 in der Schweiz stattgefunden hat.<br \/>\nReferenten der Tagung waren:\u2028- Peter Selg \u2028- Johannes Wirz \u2028- Johannes Sturm \u2028- Karsten Massei \u2028- Thomas Radetzki\u2028 &#8211; Michael Weiler<br \/>\nDas Vorwort wurde von Johannes Greiner geschrieben.<\/p>\n<p>&#8222;<a href=\"http:\/\/wegman-verlag.de\/images\/bienen.pdf\" target=\"_blank\" rel=\"noopener\">Der Mensch und die Bienen<\/a>&#8220; &#8211; Peter Selg\/Johannes Wirz (Hg.)<br \/>\n<a href=\"http:\/\/wegman-verlag.de\/index.html\" target=\"_blank\" rel=\"noopener\">Verlag des Ita Wegman Instituts<\/a><br \/>\nISBN 978-3-905919-66-0 &#8211; \u2028143 S., 3 Abb., Brosch.\u2028\u20ac 22,&#8211;\/ CHF 23,&#8211;<\/p>\n<p>&nbsp;<\/p>\n<p><a href=\"https:\/\/www.der-bienenfreund.de\/mein-buch\/\">Zur\u00fcck zu Mein Buch<\/a><\/p>\n<p>&nbsp;<\/p>\n","protected":false},"excerpt":{"rendered":"<p>Im September 2006 erschien die \u00dcbersetzung des Buches ins Englische unter dem Titel \u2028&#8220;Bees and Honey &#8211; from Flower to Jar&#8220; Der Verlag Floris Books in\u2028 15 Harrison Gardens in \u2028Edinburgh hat im Fr\u00fchjahr 2019 das Buch in einer Neuherausgabe unter neuem Titel verlegt: &#8222;The Secrets of Bees &#8211; An [&hellip;]<\/p>\n","protected":false},"author":2,"featured_media":62,"parent":0,"menu_order":0,"comment_status":"closed","ping_status":"closed","template":"","meta":{"footnotes":""},"class_list":["post-823","page","type-page","status-publish","has-post-thumbnail","hentry"],"_links":{"self":[{"href":"https:\/\/www.der-bienenfreund.de\/wordpress\/wp-json\/wp\/v2\/pages\/823","targetHints":{"allow":["GET"]}}],"collection":[{"href":"https:\/\/www.der-bienenfreund.de\/wordpress\/wp-json\/wp\/v2\/pages"}],"about":[{"href":"https:\/\/www.der-bienenfreund.de\/wordpress\/wp-json\/wp\/v2\/types\/page"}],"author":[{"embeddable":true,"href":"https:\/\/www.der-bienenfreund.de\/wordpress\/wp-json\/wp\/v2\/users\/2"}],"replies":[{"embeddable":true,"href":"https:\/\/www.der-bienenfreund.de\/wordpress\/wp-json\/wp\/v2\/comments?post=823"}],"version-history":[{"count":9,"href":"https:\/\/www.der-bienenfreund.de\/wordpress\/wp-json\/wp\/v2\/pages\/823\/revisions"}],"predecessor-version":[{"id":1638,"href":"https:\/\/www.der-bienenfreund.de\/wordpress\/wp-json\/wp\/v2\/pages\/823\/revisions\/1638"}],"wp:featuredmedia":[{"embeddable":true,"href":"https:\/\/www.der-bienenfreund.de\/wordpress\/wp-json\/wp\/v2\/media\/62"}],"wp:attachment":[{"href":"https:\/\/www.der-bienenfreund.de\/wordpress\/wp-json\/wp\/v2\/media?parent=823"}],"curies":[{"name":"wp","href":"https:\/\/api.w.org\/{rel}","templated":true}]}}