{"id":548,"date":"2018-12-18T16:37:03","date_gmt":"2018-12-18T16:37:03","guid":{"rendered":"https:\/\/www.der-bienenfreund.de\/wordpress\/?page_id=548"},"modified":"2023-09-27T19:41:39","modified_gmt":"2023-09-27T18:41:39","slug":"termine","status":"publish","type":"page","link":"https:\/\/www.der-bienenfreund.de\/wordpress\/termine\/","title":{"rendered":"Termine"},"content":{"rendered":"<p>Hier m\u00f6chte ich auf Bienen-Termine hinweisen, die mir bekannt wurden und die ich empfehlenswert finde:<\/p>\n<p><a href=\"https:\/\/www.der-bienenfreund.de\/tagung-im-november\/\"><img loading=\"lazy\" decoding=\"async\" src=\"https:\/\/www.der-bienenfreund.de\/wordpress\/wp-content\/uploads\/2023\/02\/bwt.png\" class=\"alignleft\" alt=\"\" width=\"124\" height=\"124\" \/><\/a><\/p>\n<p>&nbsp;<\/p>\n<p>&nbsp;<\/p>\n<p style=\"text-align: left;\"><strong>100 Jahre Arbeitervortr\u00e4ge \u2013 Rudolf Steiner \u2013 \u201e\u00dcber das Wesen der Bienen\u201c<\/strong><\/p>\n<p>&nbsp;<\/p>\n<p>&nbsp;<\/p>\n<p>&nbsp;<\/p>\n<p>&nbsp;<\/p>\n<p><strong>Zum Welttag der Bienen hat mir Anna-Lisa Giehl den Beitrag vom <a href=\"http:\/\/www.Das-Bienenhaus.de\" target=\"_blank\" rel=\"noopener\">Schaumburger Bienenhaus e.V.<\/a> \u00fcbermittelt, den ich hier bekanntmachen will:<\/strong><\/p>\n<p><strong>\u201eSchwarm im Blick\u201c \u2013 der BienenRap zum Weltbienentag am 20. 5. 2023<\/strong><\/p>\n<p><a href=\"https:\/\/youtu.be\/xtmY5eCKZVE\" target=\"_blank\" rel=\"noopener\">https:\/\/youtu.be\/xtmY5eCKZVE<\/a><\/p>\n<p>Das K\u00fcnstlerteam Nina Dopheide, Dietmar Post und Henry Brandstetter haben einen Impuls des Vereins Schaumburger Bienenhaus aufgegriffen und mit diesem Rap einen neuen Pfad der Lobbyarbeit f\u00fcr die Bienen gebahnt. Diese Form der Kommunikation l\u00e4sst Freiraum f\u00fcr Untert\u00f6ne, Zwischent\u00f6ne, Emotionalit\u00e4t und verfolgt das Ziel, besonders jungen Leuten die Konsequenzen ihres zuk\u00fcnftigen Handelns und Entscheidens deutlich zu machen.<\/p>\n<p>Premiere ist am Weltbienentag, dem 20. Mai 2023 online auf YouTube, den Streamingdiensten und unserer Webseite <a href=\"http:\/\/www.das-bienenhaus.de\">www.das-bienenhaus.de<\/a>. Der Rap steht dann lizenzfrei zum downloaden.<\/p>\n<p>Der Song ist Werbetr\u00e4ger f\u00fcr die Sch\u00f6nheit und Weisheit der Bienen. \u201eSchwarm im Blick\u201c f\u00fchrt auf die Spur ihrer Geheimnisse. Warum konnten sie sich Jahrmillionen an die Erdentwicklung anpassen und warum machen wir Menschen es ihnen in den letzten Jahrzehnten so schwer? W\u00fcrde der Song zum Ohrwurm und als Motivation zum Wandel begriffen, h\u00e4tte der Verein sein Ziel erreicht.<\/p>\n<p>Menschen daf\u00fcr zu sensibilisieren, die Notlage der Bienen und der Natur zu erkennen, ist nur eines der Vereinsziele. Unsere jahrelange p\u00e4dagogische Arbeit macht Kinder und Jugendliche mit der Natur und den Bienen vertraut. Mit unseren Kulturveranstaltungen zum Thema Bienen konnten wir bereits bei vielen Menschen seit der Vereinsgr\u00fcndung vor 5 Jahren das Verst\u00e4ndnis f\u00fcr Naturzusammenh\u00e4nge wecken und erweitern.<br \/>\n(Der Text gibt die Pressemitteilung wieder, die mir \u00fcbermittelt wurde.)<\/p>\n<p>&nbsp;<\/p>\n<p>F\u00fcr weitere Termine schauen Sie immer gerne nach unter:<\/p>\n<p><a href=\"https:\/\/www.demeter.de\/veranstaltungen?country=All&amp;kategorie=All&amp;title=&amp;distance%5Bpostal_code%5D=&amp;distance%5Bsearch_distance%5D=10\" target=\"_blank\" rel=\"noopener noreferrer\">Demeter e.V.<\/a><\/p>\n<p><a href=\"https:\/\/www.mellifera.de\/veranstaltungen\/\" target=\"_blank\" rel=\"noopener noreferrer\">Mellifera e.V.<\/a><\/p>\n<p><a href=\"https:\/\/de-immen.de\/events\/\" target=\"_blank\" rel=\"noopener noreferrer\">De Immen e.V.<\/a><\/p>\n","protected":false},"excerpt":{"rendered":"<p>Hier m\u00f6chte ich auf Bienen-Termine hinweisen, die mir bekannt wurden und die ich empfehlenswert finde: &nbsp; &nbsp; 100 Jahre Arbeitervortr\u00e4ge \u2013 Rudolf Steiner \u2013 \u201e\u00dcber das Wesen der Bienen\u201c &nbsp; &nbsp; &nbsp; &nbsp; Zum Welttag der Bienen hat mir Anna-Lisa Giehl den Beitrag vom Schaumburger Bienenhaus e.V. \u00fcbermittelt, den ich [&hellip;]<\/p>\n","protected":false},"author":1,"featured_media":0,"parent":0,"menu_order":0,"comment_status":"closed","ping_status":"closed","template":"page-templates\/template-fullwidth.php","meta":{"footnotes":""},"class_list":["post-548","page","type-page","status-publish","hentry"],"_links":{"self":[{"href":"https:\/\/www.der-bienenfreund.de\/wordpress\/wp-json\/wp\/v2\/pages\/548","targetHints":{"allow":["GET"]}}],"collection":[{"href":"https:\/\/www.der-bienenfreund.de\/wordpress\/wp-json\/wp\/v2\/pages"}],"about":[{"href":"https:\/\/www.der-bienenfreund.de\/wordpress\/wp-json\/wp\/v2\/types\/page"}],"author":[{"embeddable":true,"href":"https:\/\/www.der-bienenfreund.de\/wordpress\/wp-json\/wp\/v2\/users\/1"}],"replies":[{"embeddable":true,"href":"https:\/\/www.der-bienenfreund.de\/wordpress\/wp-json\/wp\/v2\/comments?post=548"}],"version-history":[{"count":23,"href":"https:\/\/www.der-bienenfreund.de\/wordpress\/wp-json\/wp\/v2\/pages\/548\/revisions"}],"predecessor-version":[{"id":1628,"href":"https:\/\/www.der-bienenfreund.de\/wordpress\/wp-json\/wp\/v2\/pages\/548\/revisions\/1628"}],"wp:attachment":[{"href":"https:\/\/www.der-bienenfreund.de\/wordpress\/wp-json\/wp\/v2\/media?parent=548"}],"curies":[{"name":"wp","href":"https:\/\/api.w.org\/{rel}","templated":true}]}}