{"id":475,"date":"2018-12-18T15:56:37","date_gmt":"2018-12-18T15:56:37","guid":{"rendered":"https:\/\/www.der-bienenfreund.de\/wordpress\/?page_id=475"},"modified":"2026-02-24T11:09:10","modified_gmt":"2026-02-24T10:09:10","slug":"meine-imkerei","status":"publish","type":"page","link":"https:\/\/www.der-bienenfreund.de\/wordpress\/meine-imkerei\/","title":{"rendered":"Meine Imkerei"},"content":{"rendered":"<h3>Meine Imkerei &#8211; 30 Jahre Demeter-Bienenhaltung<\/h3>\n<p><img loading=\"lazy\" decoding=\"async\" src=\"https:\/\/www.der-bienenfreund.de\/wordpress\/wp-content\/uploads\/2018\/02\/Michael-Weiler2-300x225.jpg\" alt=\"\" class=\"alignright size-medium wp-image-63\" width=\"300\" height=\"225\" srcset=\"https:\/\/www.der-bienenfreund.de\/wordpress\/wp-content\/uploads\/2018\/02\/Michael-Weiler2-300x225.jpg 300w, https:\/\/www.der-bienenfreund.de\/wordpress\/wp-content\/uploads\/2018\/02\/Michael-Weiler2-768x576.jpg 768w, https:\/\/www.der-bienenfreund.de\/wordpress\/wp-content\/uploads\/2018\/02\/Michael-Weiler2.jpg 1024w\" sizes=\"auto, (max-width: 300px) 100vw, 300px\" \/><\/p>\n<p><strong>Wo finden Sie den Honig und Wabenhonig aus meiner Bienenhaltung?<\/strong><br \/>\nIch habe seit gut einem Jahr keine eigene Bienenhaltung mehr. Dies hat verschiedene Ursachen und Gr\u00fcnde und ich gehe aktuell eher davon aus, da\u00df ich meine aktiv t\u00e4tige Beziehungszeit mit den Bienen nicht mehr aufnehme.<br \/>\nMeine innere Beziehung wird sich sicher noch weiterentwickeln und hier und da durch <a href=\"https:\/\/www.der-bienenfreund.de\/category\/veranstaltungen\/\" target=\"_blank\" rel=\"noopener\">Vortr\u00e4ge oder Kurse<\/a> oder in <a href=\"https:\/\/www.der-bienenfreund.de\/publikationen\/\" target=\"_blank\" rel=\"noopener\">schriftlichen Versuchen<\/a> Ausdruck finden.<\/p>\n<p>Deshalb kann ich (au\u00dfer Demeter Bienenwachs aus Naturbau) auch keine Bienengaben mehr anbieten.<\/p>\n<p>Ich suche nach einem Menschen, der Interesse hat, die Ausstattung meiner Bienenhaltung komplett zu \u00fcbernehmen. Das Material umfasst die M\u00f6glichkeit, mit bis zu 10 V\u00f6lkern zu arbeiten. Bei Interesse melden Sie sich gerne bei mir.<\/p>\n<p>F\u00fcr den Genu\u00df wertvoller Bienengaben wenden Sie sich immer gerne an meine KollegInnen mit ihren Demeter-Bienenhaltungen &#8211; aktuell weise ich gerne auf die Aktivit\u00e4ten von <a href=\"https:\/\/www.imkerei-saturna.de\/\" target=\"_blank\" rel=\"noopener\">Nicole Saturna hin, die neben ihrer eigenen Bienenhaltung<\/a> eine Plattform f\u00fcr ein Angebot besonderer Bienengaben aus Demeter-Bienenhaltung aufbaut &#8211; <a href=\"https:\/\/immenkraft.com\/\" target=\"_blank\" rel=\"noopener\">Immenkraft<\/a><\/p>\n<p><strong>Ein wenig Geschichte<\/strong><br \/>\nSchon vor der ersten Zertifizierung 1996 noch zusammen mit meinem Freund Uli Nett in Kassel orientierte sich unsere damalige Imkerei mit 50 bis 70 V\u00f6lkern an den Vorgaben der <a href=\"https:\/\/www.demeter.de\/sites\/default\/files\/richtlinien\/richtlinien_bienenhaltung_gesamt.pdf\" target=\"_blank\" rel=\"noopener noreferrer\">Demeter-Richtlinien f\u00fcr die Bienenhaltung<\/a>.<br \/>\nSeit 1996 wird die Imkerei j\u00e4hrlich auf die Einhaltung dieser Richtlinien kontrolliert und zertifiziert. Die Kontrolle wird durchgef\u00fchrt von der <a href=\"https:\/\/www.kontrollgesellschaft.de\/\" target=\"_blank\" rel=\"noopener\">KONTROLLGESELLSCHAFT \u00d6KOLOGISCHER LANDBAU mbH<\/a> mit der Kontrollstellen-Nummer DE-\u00d6KO-022<\/p>\n<p><a href=\"https:\/\/www.der-bienenfreund.de\/10646-michael-weiler-der-bienenfreund-2024-zertifikat-de\/\" target=\"_blank\" rel=\"noopener noreferrer\">Das aktuelle Demeter-Zertifikat finden Sie hier<\/a>. Ein Betriebsportrait finden Sie auch auf <a href=\"https:\/\/www.demeter.de\/betriebe\/michael-weiler-der-bienenfreund\" target=\"_blank\" rel=\"noopener noreferrer\">Demeter.de<\/a><\/p>\n<p>In der <a href=\"https:\/\/www.lebendigeerde.de\/\" target=\"_blank\" rel=\"noopener\">Zeitschrift Lebendige Erde<\/a> findet sich eine anschauliche <a href=\"https:\/\/www.lebendigeerde.de\/fileadmin\/lebendigeerde\/pdf\/u2_download\/LE_2022_4_Demeter_Bienenhaltung.pdf\" target=\"_blank\" rel=\"noopener\">Grafik zu den Prinzipien der Demeter-Bienenhaltung.<\/a><\/p>\n<p><strong>Basis meiner Bienenhaltung<\/strong> sind Magazinbeuten aus 28 mm starkem Holz der Weymouth-Kiefer; dieses ist leicht, stabil, l\u00e4sst sich sehr gut bearbeiten und bietet eine gute W\u00e4rmed\u00e4mmung. Seit 2020 f\u00fchre ich auch einige V\u00f6lker in strohged\u00e4mmten Brutr\u00e4umen aus der Herstellung von Robert Friedrich, ein Pionier der Demeter-Bienenhaltung &#8211; mehr dazu auf <a href=\"http:\/\/www.Strohbeuten.de\" target=\"_blank\" rel=\"noopener\">http:\/\/www.Strohbeuten.de<\/a><\/p>\n<p>Grundform sind Halbzargen auf der Basis \u201eDeutsch-Normal\u201c (DN) f\u00fcr 12 DN-Halbrahmen.<br \/>\nDiese verwende ich f\u00fcr die Honigr\u00e4ume mit 11 DN-Halbrahmen oder 9 DN-Halb-Dickwabenrahmen. Auch in den Rahmen der Honigr\u00e4ume bauen meine Bienen ausschlie\u00dflich Naturbauwaben (ich verwende auch hier keine Mittelw\u00e4nde).<\/p>\n<p><strong>Die Brutr\u00e4ume meiner Bienenv\u00f6lker<\/strong> stelle ich aus jeweils drei Halbzargen zusammen \u2013 in diese drei Halbzargen h\u00e4nge ich bis zu 11 gro\u00dfe Rahmen, etwas h\u00f6her als 1,5 DN. Das Innenma\u00df dieser Rahmen betr\u00e4gt 350 mm breit x 340 bis 360 mm hoch. In diesen gro\u00dfen Rahmen k\u00f6nnen die Bienenv\u00f6lker sch\u00f6ne gro\u00dfe Naturbau-Waben bauen, die sowohl f\u00fcr die Brutsph\u00e4re als auch f\u00fcr einen Honigfutterkranz ausreichend Platz bieten. Mit dem Einsatz von ein oder zwei Schieden kann ich die Gr\u00f6\u00dfe des Brutraums jeweils dem Entwicklungsstand meiner V\u00f6lker anpassen.<\/p>\n<p>Ich verwende f\u00fcr meine Magazine hohe B\u00f6den mit bis zu 8 cm Raum unter den Rahmen mit den Brutraumwaben. Diese B\u00f6den haben nach hinten eine zu \u00f6ffnende Klappe \u2013 vorn zentral-mittig ein rundes Flugloch mit ca. 4 cm Durchmesser. Bei starkem Trachtflug kann ich vorn \u00fcber die gesamte Breite auch noch einen Flugschlitz \u00f6ffnen, der ca. 1 cm hoch ist. Interessant ist, da\u00df die Bienen \u00fcber den Schlitz abfliegen, nachdem ich diesen ge\u00f6ffnet habe, und \u00fcber das runde Flugloch wieder in die Beute einfliegen.<\/p>\n<p><strong>Die Vermehrung meiner Bienenv\u00f6lker<\/strong> aus dem eigenen Bestand erfolgt mit nat\u00fcrlich gefallenen Vorschw\u00e4rmen und Nachschw\u00e4rmen oder bei Bedarf mit vorweggenommenen Schw\u00e4rmen aus V\u00f6lkern, die in akuter Schwarmstimmung sind. Das abgeschw\u00e4rmte Restvolk teile ich nach Bedarf in zwei oder drei Ableger mit Schwarmzellen auf.<br \/>\nHin und wieder fange ich auch freie Naturschw\u00e4rme ein und integriere diese in meine Imkerei.<br \/>\nEine Beschreibung zu dieser Arbeitsweise <a href=\"https:\/\/www.der-bienenfreund.de\/aufsaetze\/\" target=\"_blank\" rel=\"noopener\">finden Sie in den beiden Aufs\u00e4tzen zum &#8222;Schwarmproze\u00df&#8220; hier.<\/a><\/p>\n<p><strong>Mein Arbeitsmotto<\/strong> ist:<br \/>\n\u201eDer Brutraum mit den gro\u00dfen Rahmen ist f\u00fcr die Bienen \u2013 nur der Honigraum ist f\u00fcr den Imker\u201c<br \/>\nIm Brutraum f\u00fchre ich \u201eKulturma\u00dfnahmen\u201c durch, die in der jeweiligen Jahreszeit zum Gedeihen des Volks beitragen. Ein Motiv hierf\u00fcr ist: <em>&#8222;Das Gras w\u00e4chst nicht schneller, wenn man daran zieht &#8230;&#8220;<\/em>, aber es w\u00e4chst besser, wenn man seine Umgebung gut gestaltet. Das ist f\u00fcr die Entwicklung von Bienenv\u00f6lkern unter Kulturbedingungen und -Betrachtungen nicht anders.<br \/>\nAus den Waben des Brutraums wird kein Honig geerntet \u2013 Honigvorr\u00e4te dort bleiben den Bienen. In den letzten Jahren konnte ich mit dieser Arbeitsweise eine Erg\u00e4nzungsf\u00fctterung mit Zucker auf ein Minimum reduzieren oder sogar v\u00f6llig darauf verzichten.<\/p>\n<p><strong>Honigernte<\/strong><br \/>\nIch ernte Honig ausschlie\u00dflich aus den Honigr\u00e4umen \u2013 entweder als Schleuderhonig oder als <a href=\"https:\/\/www.der-bienenfreund.de\/wabenhonig\/\" target=\"_blank\" rel=\"noopener\">Wabenhonig<\/a>. Dadurch wird den V\u00f6lkern viel eigener Honig im Brutraum \u00fcberlassen.<br \/>\nAus diesem Grund ist mein Angebot immer limitiert. Informieren Sie sich deshalb auch \u00fcber die Angebote meinen Demeter-Imker-KollegInnen &#8211; Portraits finden Sie <a href=\"https:\/\/www.demeter.de\/betriebe?search_api_fulltext=&amp;location%5Bvalue%5D=&amp;location%5Bdistance%5D%5Bfrom%5D=20&amp;business_search_display_mode=business&amp;field_association=All&amp;business_search_display_mode=business&amp;field_association=All&amp;f%5B0%5D=business_category%3A1&amp;f%5B1%5D=product_category%3A65\" target=\"_blank\" rel=\"noopener noreferrer\">hier<\/a><\/p>\n<p>Honig vom Demeter-Imker imkerlich-handwerklich in kleinen Chargen gewonnen, gepflegt, schlie\u00dflich in Gl\u00e4ser gef\u00fcllt und in Verkehr gebracht:<\/p>\n<p><strong>Jeder Honig wird so ein Unikat<\/strong><br \/>\n&#8211; Von jedem Volk<br \/>\n&#8211; Von jeder Ernte<br \/>\n&#8211; Von jedem Standort,<br \/>\nvon jeder \u201eLage\u201c<br \/>\n&#8211; Aus jeder Jahreszeit<br \/>\n&#8211; Aus jedem Jahr<br \/>\n&#8211; Immer wieder neu<br \/>\n&#8211; Immer wieder anders<br \/>\n&#8211; kostbar und wertvoll!<\/p>\n<p><strong>Wachsernte<\/strong><br \/>\nAus Brutwaben, die ich den V\u00f6lkern entnehme, weil sie dort nicht mehr gebraucht werden oder aus Honigwaben, die ich in den Honigr\u00e4umen nicht mehr verwenden will gewinne ich das Wachs, indem ich die Waben in einem Sonnenwachsschmelzer ausschmelze.\u00a0 Auch das bei der Honigernte anfallende Entdeckelungswachs wird so eingeschmolzen.<br \/>\nIch erhalte so qualitativ h\u00f6chstwertiges Demeter-Naturbau-Bienenwachs.<\/p>\n<p>&nbsp;<\/p>\n","protected":false},"excerpt":{"rendered":"<p>Meine Imkerei &#8211; 30 Jahre Demeter-Bienenhaltung Wo finden Sie den Honig und Wabenhonig aus meiner Bienenhaltung? Ich habe seit gut einem Jahr keine eigene Bienenhaltung mehr. Dies hat verschiedene Ursachen und Gr\u00fcnde und ich gehe aktuell eher davon aus, da\u00df ich meine aktiv t\u00e4tige Beziehungszeit mit den Bienen nicht mehr [&hellip;]<\/p>\n","protected":false},"author":1,"featured_media":62,"parent":0,"menu_order":0,"comment_status":"closed","ping_status":"closed","template":"page-templates\/template-fullwidth.php","meta":{"footnotes":""},"class_list":["post-475","page","type-page","status-publish","has-post-thumbnail","hentry"],"_links":{"self":[{"href":"https:\/\/www.der-bienenfreund.de\/wordpress\/wp-json\/wp\/v2\/pages\/475","targetHints":{"allow":["GET"]}}],"collection":[{"href":"https:\/\/www.der-bienenfreund.de\/wordpress\/wp-json\/wp\/v2\/pages"}],"about":[{"href":"https:\/\/www.der-bienenfreund.de\/wordpress\/wp-json\/wp\/v2\/types\/page"}],"author":[{"embeddable":true,"href":"https:\/\/www.der-bienenfreund.de\/wordpress\/wp-json\/wp\/v2\/users\/1"}],"replies":[{"embeddable":true,"href":"https:\/\/www.der-bienenfreund.de\/wordpress\/wp-json\/wp\/v2\/comments?post=475"}],"version-history":[{"count":54,"href":"https:\/\/www.der-bienenfreund.de\/wordpress\/wp-json\/wp\/v2\/pages\/475\/revisions"}],"predecessor-version":[{"id":1747,"href":"https:\/\/www.der-bienenfreund.de\/wordpress\/wp-json\/wp\/v2\/pages\/475\/revisions\/1747"}],"wp:featuredmedia":[{"embeddable":true,"href":"https:\/\/www.der-bienenfreund.de\/wordpress\/wp-json\/wp\/v2\/media\/62"}],"wp:attachment":[{"href":"https:\/\/www.der-bienenfreund.de\/wordpress\/wp-json\/wp\/v2\/media?parent=475"}],"curies":[{"name":"wp","href":"https:\/\/api.w.org\/{rel}","templated":true}]}}