{"id":336,"date":"2018-12-18T09:25:53","date_gmt":"2018-12-18T09:25:53","guid":{"rendered":"https:\/\/www.der-bienenfreund.de\/wordpress\/?page_id=336"},"modified":"2020-05-18T21:11:59","modified_gmt":"2020-05-18T20:11:59","slug":"publikationen","status":"publish","type":"page","link":"https:\/\/www.der-bienenfreund.de\/wordpress\/publikationen\/","title":{"rendered":"Publikationen"},"content":{"rendered":"<p><strong>Hier finden Sie <a href=\"https:\/\/www.der-bienenfreund.de\/aufsaetze\/\">Aufs\u00e4tze<\/a>, <a href=\"https:\/\/www.der-bienenfreund.de\/rezensionen\/\">Buch-Rezensionen<\/a> und <a href=\"https:\/\/www.der-bienenfreund.de\/berichte\/\">Berichte<\/a>, die in verschiedenen Fachzeitschriften ver\u00f6ffentlicht wurden<\/strong><\/p>\n<p>&nbsp;<\/p>\n<p><strong>Fr\u00fchere Ver\u00f6ffentlichungen<\/strong><\/p>\n<div>Da diese Beitr\u00e4ge noch immer aktuelle Gedanken zum Ausdruck bringen, stelle ich sie hier ebenfalls bereit<\/div>\n<div><\/div>\n<div><a href=\"https:\/\/www.der-bienenfreund.de\/wordpress\/wp-content\/uploads\/2018\/12\/06-\u00d6koBienSoel1.pdf\" target=\"_blank\" rel=\"noopener noreferrer\">WeilerM, 1998, \u00d6koBien-neueKultur, \u00d6&amp;L 1998-02, S. 42ff.<\/a><br \/>\n&#8222;\u00d6kologische Bienenhaltung \u2013 eine neue Kultur der Imkerei&#8220;<br \/>\nver\u00f6ffentlicht zuerst in der Zeitschrift &#8222;<a href=\"https:\/\/www.soel.de\/publikationen\/oekologie-landbau\/\" target=\"_blank\" rel=\"noopener noreferrer\">\u00d6kologie&amp;Landbau<\/a>&#8220; 2\/1998, S. 42ff.<\/div>\n<div><a href=\"https:\/\/www.der-bienenfreund.de\/wordpress\/wp-content\/uploads\/2018\/12\/06-\u00d6koBienSoel1.pdf\" target=\"_blank\" rel=\"noopener noreferrer\"><\/a><\/div>\n<div><em>Die Ma\u00dfnahmen des \u00f6kologisch orientierten Imkers werden sich daran ausrichten m\u00fcssen, die Vitalit\u00e4t der Bienen zu st\u00e4rken. Nur so k\u00f6nnen die Honigbienen mit der Varroa-Milbe, durch welche sie existentiell bedroht sind, sowie mit den ver\u00e4nderten Umweltbedingungen zurechtkommen.<\/em><\/div>\n<div><\/div>\n<div>\n<div><a href=\"https:\/\/www.der-bienenfreund.de\/wordpress\/wp-content\/uploads\/2018\/12\/07-\u00d6koBienSoel2.pdf\" target=\"_blank\" rel=\"noopener noreferrer\">FriedmannG+WeilerM, 2000, \u00d6koBien-Zuchttechnik+Auslese, \u00d6&amp;L 2000-04, S.46ff.<\/a><br \/>\n&#8222;Zuchttechnik und Zuchtauslese in der \u00f6kologischen Bienenhaltung&#8220;<br \/>\nver\u00f6ffentlicht gemeinsam mit G\u00fcnter Friedmann ebenfalls in der Zeitschrift &#8222;\u00d6kologie&amp;Landbau&#8220; Ausgabe 4\/2000, S. 46ff.<\/div>\n<div><a href=\"https:\/\/www.der-bienenfreund.de\/wordpress\/wp-content\/uploads\/2018\/12\/07-\u00d6koBienSoel2.pdf\" target=\"_blank\" rel=\"noopener noreferrer\"><\/a><\/div>\n<div><em>Die an der kurzfristigen Ertragsmaximierung orientierte Bienenzucht hat zu einer mangelnden Vitalit\u00e4t der Tiere gef\u00fchrt. Die Bienen, deren allgemein zu verzeichnender R\u00fcckgang auch f\u00fcr die Landwirtschaft problematisch ist, k\u00f6nnen heute ohne zunehmenden Medikamenteneinsatz nicht mehr gehalten werden. Widerstandsf\u00e4higere Bienen kann nur eine Zucht hervorbringen, die auf Nachhaltigkeit zielt.<\/em><\/div>\n<\/div>\n<p>&nbsp;<\/p>\n<p><strong>Haben Kuhh\u00f6rner etwas mit Bienen zu tun?<\/strong><\/p>\n<p>Diese Frage kann ich aktuell nicht beantworten &#8211; weshalb aber K\u00fche H\u00f6rner haben, dazu kann ich etwas anbieten:<\/p>\n<p>Meine Diplomarbeit von 1986 <a href=\"https:\/\/www.der-bienenfreund.de\/wordpress\/wp-content\/uploads\/2018\/12\/WeilerM1986-ProblematikEnthornungMilchk\u00fche20140616.pdf\" target=\"_blank\" rel=\"noopener noreferrer\">&#8222;Zur Problematik der Enthornung bei Milchk\u00fchen&#8220;<\/a><\/p>\n","protected":false},"excerpt":{"rendered":"<p>Hier finden Sie Aufs\u00e4tze, Buch-Rezensionen und Berichte, die in verschiedenen Fachzeitschriften ver\u00f6ffentlicht wurden &nbsp; Fr\u00fchere Ver\u00f6ffentlichungen Da diese Beitr\u00e4ge noch immer aktuelle Gedanken zum Ausdruck bringen, stelle ich sie hier ebenfalls bereit WeilerM, 1998, \u00d6koBien-neueKultur, \u00d6&amp;L 1998-02, S. 42ff. &#8222;\u00d6kologische Bienenhaltung \u2013 eine neue Kultur der Imkerei&#8220; ver\u00f6ffentlicht zuerst in [&hellip;]<\/p>\n","protected":false},"author":1,"featured_media":5,"parent":0,"menu_order":0,"comment_status":"closed","ping_status":"closed","template":"page-templates\/template-fullwidth.php","meta":{"footnotes":""},"class_list":["post-336","page","type-page","status-publish","has-post-thumbnail","hentry"],"_links":{"self":[{"href":"https:\/\/www.der-bienenfreund.de\/wordpress\/wp-json\/wp\/v2\/pages\/336","targetHints":{"allow":["GET"]}}],"collection":[{"href":"https:\/\/www.der-bienenfreund.de\/wordpress\/wp-json\/wp\/v2\/pages"}],"about":[{"href":"https:\/\/www.der-bienenfreund.de\/wordpress\/wp-json\/wp\/v2\/types\/page"}],"author":[{"embeddable":true,"href":"https:\/\/www.der-bienenfreund.de\/wordpress\/wp-json\/wp\/v2\/users\/1"}],"replies":[{"embeddable":true,"href":"https:\/\/www.der-bienenfreund.de\/wordpress\/wp-json\/wp\/v2\/comments?post=336"}],"version-history":[{"count":49,"href":"https:\/\/www.der-bienenfreund.de\/wordpress\/wp-json\/wp\/v2\/pages\/336\/revisions"}],"predecessor-version":[{"id":1116,"href":"https:\/\/www.der-bienenfreund.de\/wordpress\/wp-json\/wp\/v2\/pages\/336\/revisions\/1116"}],"wp:featuredmedia":[{"embeddable":true,"href":"https:\/\/www.der-bienenfreund.de\/wordpress\/wp-json\/wp\/v2\/media\/5"}],"wp:attachment":[{"href":"https:\/\/www.der-bienenfreund.de\/wordpress\/wp-json\/wp\/v2\/media?parent=336"}],"curies":[{"name":"wp","href":"https:\/\/api.w.org\/{rel}","templated":true}]}}