{"id":276,"date":"2018-12-17T16:25:09","date_gmt":"2018-12-17T16:25:09","guid":{"rendered":"https:\/\/www.der-bienenfreund.de\/wordpress\/?page_id=276"},"modified":"2018-12-22T15:42:34","modified_gmt":"2018-12-22T15:42:34","slug":"projektentwicklung","status":"publish","type":"page","link":"https:\/\/www.der-bienenfreund.de\/wordpress\/projektentwicklung\/","title":{"rendered":"Projektentwicklung"},"content":{"rendered":"<h3>Projektentwicklung<\/h3>\n<p><img loading=\"lazy\" decoding=\"async\" src=\"https:\/\/www.der-bienenfreund.de\/wordpress\/wp-content\/uploads\/2018\/12\/BILD0433_c-300x225.jpg\" alt=\"\" class=\"alignright wp-image-643 size-medium\" width=\"300\" height=\"225\" srcset=\"https:\/\/www.der-bienenfreund.de\/wordpress\/wp-content\/uploads\/2018\/12\/BILD0433_c-300x225.jpg 300w, https:\/\/www.der-bienenfreund.de\/wordpress\/wp-content\/uploads\/2018\/12\/BILD0433_c-768x576.jpg 768w, https:\/\/www.der-bienenfreund.de\/wordpress\/wp-content\/uploads\/2018\/12\/BILD0433_c-1024x768.jpg 1024w\" sizes=\"auto, (max-width: 300px) 100vw, 300px\" \/><br \/>\nIch biete Beratung und Begleitung f\u00fcr Projektentwicklungen an!<\/p>\n<p>Sie haben vor, in Ihrer Firma oder in Ihrer Institution eine Bienenhaltung einzurichten? Dann sprechen Sie mich an!<\/p>\n<p>Ich vermittele Ihnen und Ihren Mitarbeitern eine grundlegende Einf\u00fchrung in das Bienenleben und begleite Sie in der Folge bei der Einrichtung und der praktischen Durchf\u00fchrung der Imkerei, bis Sie diese selbst\u00e4ndig erfolgreich leisten k\u00f6nnen.<\/p>\n<p>Was gewinnen Sie dadurch?<\/p>\n<p>Die Besch\u00e4ftigung mit dem Leben der Honigbienen und das Erleben der Bienen vor Ort sowie die gestaltende Bet\u00e4tigung an Bienenv\u00f6lkern ver\u00e4ndert den Blick auf die Welt und das soziale Miteinander in Ihrem Unternehmen. Es f\u00fchrt zu einer gesteigerten Achtsamkeit im Umgang mit den Kollegen und verbessert die Personalf\u00fchrung durch leitende Mitarbeiter.<\/p>\n<p>Die offenen organischen Gesetzm\u00e4\u00dfigkeiten, in die ein Bienenvolk sich gliedert, k\u00f6nnen ein besseres Verst\u00e4ndnis f\u00fcr die Strukturen und Abl\u00e4ufe in Unternehmen und Institutionen veranlagen. Diese schaffen Voraussetzung f\u00fcr ein verst\u00e4ndnisvolleres kollegiales Miteinander und eine h\u00f6here Selbstveranwortlichkeit gegen\u00fcber der eigenen Position im Zusammenhang der Unternehmensziele.<\/p>\n<p>Interesse? Kontaktieren Sie mich <a href=\"https:\/\/www.der-bienenfreund.de\/wordpress\/kontakt\/\">hier<\/a><\/p>\n<p>&nbsp;<\/p>\n","protected":false},"excerpt":{"rendered":"<p>Projektentwicklung Ich biete Beratung und Begleitung f\u00fcr Projektentwicklungen an! Sie haben vor, in Ihrer Firma oder in Ihrer Institution eine Bienenhaltung einzurichten? Dann sprechen Sie mich an! Ich vermittele Ihnen und Ihren Mitarbeitern eine grundlegende Einf\u00fchrung in das Bienenleben und begleite Sie in der Folge bei der Einrichtung und der [&hellip;]<\/p>\n","protected":false},"author":1,"featured_media":58,"parent":0,"menu_order":0,"comment_status":"closed","ping_status":"closed","template":"page-templates\/template-fullwidth.php","meta":{"footnotes":""},"class_list":["post-276","page","type-page","status-publish","has-post-thumbnail","hentry"],"_links":{"self":[{"href":"https:\/\/www.der-bienenfreund.de\/wordpress\/wp-json\/wp\/v2\/pages\/276","targetHints":{"allow":["GET"]}}],"collection":[{"href":"https:\/\/www.der-bienenfreund.de\/wordpress\/wp-json\/wp\/v2\/pages"}],"about":[{"href":"https:\/\/www.der-bienenfreund.de\/wordpress\/wp-json\/wp\/v2\/types\/page"}],"author":[{"embeddable":true,"href":"https:\/\/www.der-bienenfreund.de\/wordpress\/wp-json\/wp\/v2\/users\/1"}],"replies":[{"embeddable":true,"href":"https:\/\/www.der-bienenfreund.de\/wordpress\/wp-json\/wp\/v2\/comments?post=276"}],"version-history":[{"count":9,"href":"https:\/\/www.der-bienenfreund.de\/wordpress\/wp-json\/wp\/v2\/pages\/276\/revisions"}],"predecessor-version":[{"id":645,"href":"https:\/\/www.der-bienenfreund.de\/wordpress\/wp-json\/wp\/v2\/pages\/276\/revisions\/645"}],"wp:featuredmedia":[{"embeddable":true,"href":"https:\/\/www.der-bienenfreund.de\/wordpress\/wp-json\/wp\/v2\/media\/58"}],"wp:attachment":[{"href":"https:\/\/www.der-bienenfreund.de\/wordpress\/wp-json\/wp\/v2\/media?parent=276"}],"curies":[{"name":"wp","href":"https:\/\/api.w.org\/{rel}","templated":true}]}}