{"id":265,"date":"2018-12-17T06:56:15","date_gmt":"2018-12-17T06:56:15","guid":{"rendered":"https:\/\/www.der-bienenfreund.de\/wordpress\/?page_id=265"},"modified":"2023-03-12T19:14:09","modified_gmt":"2023-03-12T18:14:09","slug":"veroeffentlichungen","status":"publish","type":"page","link":"https:\/\/www.der-bienenfreund.de\/wordpress\/veroeffentlichungen\/","title":{"rendered":"Ver\u00f6ffentlichungen"},"content":{"rendered":"<h3>Ver\u00f6ffentlichungen<\/h3>\n<div id=\"attachment_477\" style=\"width: 310px\" class=\"wp-caption alignright\"><img loading=\"lazy\" decoding=\"async\" aria-describedby=\"caption-attachment-477\" src=\"https:\/\/www.der-bienenfreund.de\/wordpress\/wp-content\/uploads\/2018\/12\/IMG_1373-300x225.jpg\" alt=\"\" class=\"wp-image-477 size-medium\" width=\"300\" height=\"225\" srcset=\"https:\/\/www.der-bienenfreund.de\/wordpress\/wp-content\/uploads\/2018\/12\/IMG_1373-300x225.jpg 300w, https:\/\/www.der-bienenfreund.de\/wordpress\/wp-content\/uploads\/2018\/12\/IMG_1373-768x576.jpg 768w, https:\/\/www.der-bienenfreund.de\/wordpress\/wp-content\/uploads\/2018\/12\/IMG_1373-1024x768.jpg 1024w\" sizes=\"auto, (max-width: 300px) 100vw, 300px\" \/><p id=\"caption-attachment-477\" class=\"wp-caption-text\">Bienen am Flugloch &#8211; Flugschlitz noch offen<\/p><\/div>\n<p>Seit 1993 habe ich in verschiedenen Fachzeitschriften und Journalen Aufs\u00e4tze und Fachbeitr\u00e4ge ver\u00f6ffentlicht.<br \/>\nSoweit m\u00f6glich, stelle ich diese hier <a href=\"https:\/\/www.der-bienenfreund.de\/publikationen\/\" rel=\"noopener noreferrer\">als PDF-Dateien zum Download<\/a> bereit oder verlinke die Artikel auf den publizierenden Seiten<\/p>\n<h3>&#8222;Wesensgem\u00e4\u00dfe Bienenhaltung in der Praxis&#8220;<\/h3>\n<p><a href=\"https:\/\/www.der-bienenfreund.de\/aufsaetze\/\" rel=\"noopener\">Artikelserie ver\u00f6ffentlicht in der Zeitschrift \u201eLebendige Erde\u201c, Ausgaben 2014-04 bis 2015-04<\/a><\/p>\n<h3>95 Jahre Steiner Arbeitervortr\u00e4ge Bienen<\/h3>\n<p>&#8222;\u00dcber das Wesen der Bienen&#8220;<br \/>\nIm November und Dezember 1923 hielt Rudolf Steiner vor den Arbeitern am Bau des Goetheanum in Dornach\/Schweiz 8 Vortr\u00e4ge &#8222;\u00dcber das Wesen der Bienen&#8220;<br \/>\n\u00dcber die Bedeutung dieser Vortr\u00e4ge finden Sie hier einen Bericht &#8211; dieser wurde zuerst ver\u00f6ffentlicht in der <a href=\"http:\/\/lebendigeerde.de\/\" target=\"_blank\" rel=\"noopener noreferrer\">Zeitschrift <span> <\/span>&#8222;Lebendige Erde&#8220;<\/a>, Ausgabe 06-2013:<\/p>\n<p><a href=\"https:\/\/www.der-bienenfreund.de\/wordpress\/wp-content\/uploads\/2018\/12\/90JahreSteinerArbeitervortr\u00e4geBienen-LE6-13-49.pdf\"><\/a><a href=\"https:\/\/www.der-bienenfreund.de\/wordpress\/wp-content\/uploads\/2018\/12\/90JahreSteinerArbeitervortr\u00e4geBienen-LE6-13-49.pdf\" target=\"_blank\" rel=\"noopener noreferrer\">&#8222;&#8230; was den Blumen die M\u00f6glichkeit gibt zu leben&#8220;<\/a><\/p>\n<h3>Die Gaben des BIEN<\/h3>\n<p>Wege und Metamorphosen der Substanzen im Bienenstock<\/p>\n<div><em>K\u00f6nnen Sie sich drei Milliarden vorstellen? Drei Milliarden Mal Schnuppern an Bl\u00fcten, Riechen des Duftes, Schmecken des Nektars, Sich-W\u00e4lzen im Bl\u00fctenstaub, Baden in Farben? \u2013 Und das alles im hellen Sonnenglanz, in \u00e4u\u00dferer und mit innerer W\u00e4rme? Fragen Sie ein Honigbienenvolk \u2013<\/em> &#8230;&#8230; <a href=\"https:\/\/diedrei.org\/tl_files\/hefte\/2015\/Heft5_2015\/Weiler-Bien-DD1505.pdf\" target=\"_blank\" rel=\"noopener noreferrer\">mein Beitrag<\/a> in der <a href=\"https:\/\/diedrei.org\/\" target=\"_blank\" rel=\"noopener noreferrer\">Zeitschrift &#8222;Die Drei&#8220;<\/a> Mai 2015<\/div>\n<p>&nbsp;<\/p>\n<h3>\u00a0Tierwohl in der Bienenhaltung<\/h3>\n<p>Das Thema &#8222;Tierwohl bei den Bienen&#8220; besch\u00e4ftigt mich schon l\u00e4ngere Zeit.<\/p>\n<p>Zum Anla\u00df &#8222;25 Jahre Richtlinien zur \u00d6ko-Imkerei in Deutschland&#8220; im November 2018 habe ich dazu einige Artikel publiziert.<\/p>\n<p>Einer dazu erschien in der <a href=\"https:\/\/www.soel.de\/publikationen\/oekologie-landbau\/\" target=\"_blank\" rel=\"noopener noreferrer\">Zeitschrift &#8222;\u00d6kologie&amp;Landbau&#8220;<\/a>, 04\/2018, herausgegeben von der <a href=\"https:\/\/www.soel.de\/\" target=\"_blank\" rel=\"noopener noreferrer\">&#8222;Stiftung \u00d6kologie &amp; Landbau&#8220;<\/a>\u00a0&#8211; diesen finden sie <a href=\"https:\/\/www.der-bienenfreund.de\/wordpress\/wp-content\/uploads\/2018\/12\/OEL_2018_4_40_41_Weiler.pdf\" target=\"_blank\" rel=\"noopener noreferrer\">hier<\/a><\/p>\n<p>Weitere erschienen im <a href=\"https:\/\/www.bienenjournal.de\/\" target=\"_blank\" rel=\"noopener noreferrer\">&#8222;Bienenjournal&#8220;<\/a> 11\/2018 sowie in <a href=\"https:\/\/www.bienenundnatur.de\/\" target=\"_blank\" rel=\"noopener noreferrer\">&#8222;bienen&amp;natur&#8220;<\/a> 11\/2018 und ausf\u00fchrlich in der <a href=\"https:\/\/www.fual.lu\/\" target=\"_blank\" rel=\"noopener noreferrer\">&#8222;Letzeburger Beien-Zeitung&#8220;<\/a> 11\/2018 &#8211; siehe auch <a href=\"https:\/\/www.der-bienenfreund.de\/aufsaetze\/\" rel=\"noopener noreferrer\" target=\"_blank\">hier<\/a><\/p>\n<h3>Fr\u00fche Texte zur \u00d6ko-Bienenhaltung<\/h3>\n<div>Da diese Beitr\u00e4ge noch immer aktuelle Gedanken zum Ausdruck bringen, stelle ich sie hier zur Verf\u00fcgung<\/div>\n<div><\/div>\n<div><a href=\"https:\/\/www.der-bienenfreund.de\/wordpress\/wp-content\/uploads\/2018\/12\/06-\u00d6koBienSoel1.pdf\" target=\"_blank\" rel=\"noopener noreferrer\">\u00d6kologische Bienenhaltung \u2013 eine neue Kultur der Imkerei<\/a><\/div>\n<div>ver\u00f6ffentlicht zuerst in der Zeitschrift &#8222;\u00d6kologie&amp;Landbau&#8220; 2\/1998:<\/div>\n<div><em>Die Ma\u00dfnahmen des \u00f6kologisch orientierten Imkers werden sich daran ausrichten m\u00fcssen, die Vitalit\u00e4t der Bienen zu st\u00e4rken. Nur so k\u00f6nnen die Honigbienen mit der Varroa-Milbe, durch welche sie existentiell bedroht sind, sowie mit den ver\u00e4nderten Umweltbedingungen zurechtkommen.<\/em><\/div>\n<p>&nbsp;<\/p>\n<div>Gemeinsam mit G\u00fcnter Friedmann ver\u00f6ffentlichte ich ebenfalls in der Zeitschrift &#8222;\u00d6kologie&amp;Landbau&#8220; Ausgabe 4\/2000 den Beitrag<\/div>\n<div><a href=\"https:\/\/www.der-bienenfreund.de\/wordpress\/wp-content\/uploads\/2018\/12\/07-\u00d6koBienSoel2.pdf\" target=\"_blank\" rel=\"noopener noreferrer\">&#8222;Zuchttechnik und Zuchtauslese in der \u00f6kologischen Bienenhaltung&#8220;<\/a><\/div>\n<div><em>Die an der kurzfristigen Ertragsmaximierung orientierte Bienenzucht hat zu einer mangelnden Vitalit\u00e4t der Tiere gef\u00fchrt. Die Bienen, deren allgemein zu verzeichnender R\u00fcckgang auch f\u00fcr die Landwirtschaft problematisch ist, k\u00f6nnen heute ohne zunehmenden Medikamenteneinsatz nicht mehr gehalten werden. Widerstandsf\u00e4higere Bienen kann nur eine Zucht hervorbringen, die auf Nachhaltigkeit zielt.<\/em><\/div>\n<p>&nbsp;<\/p>\n","protected":false},"excerpt":{"rendered":"<p>Ver\u00f6ffentlichungen Seit 1993 habe ich in verschiedenen Fachzeitschriften und Journalen Aufs\u00e4tze und Fachbeitr\u00e4ge ver\u00f6ffentlicht. Soweit m\u00f6glich, stelle ich diese hier als PDF-Dateien zum Download bereit oder verlinke die Artikel auf den publizierenden Seiten &#8222;Wesensgem\u00e4\u00dfe Bienenhaltung in der Praxis&#8220; Artikelserie ver\u00f6ffentlicht in der Zeitschrift \u201eLebendige Erde\u201c, Ausgaben 2014-04 bis 2015-04 95 [&hellip;]<\/p>\n","protected":false},"author":1,"featured_media":58,"parent":0,"menu_order":0,"comment_status":"closed","ping_status":"closed","template":"page-templates\/template-fullwidth.php","meta":{"footnotes":""},"class_list":["post-265","page","type-page","status-publish","has-post-thumbnail","hentry"],"_links":{"self":[{"href":"https:\/\/www.der-bienenfreund.de\/wordpress\/wp-json\/wp\/v2\/pages\/265","targetHints":{"allow":["GET"]}}],"collection":[{"href":"https:\/\/www.der-bienenfreund.de\/wordpress\/wp-json\/wp\/v2\/pages"}],"about":[{"href":"https:\/\/www.der-bienenfreund.de\/wordpress\/wp-json\/wp\/v2\/types\/page"}],"author":[{"embeddable":true,"href":"https:\/\/www.der-bienenfreund.de\/wordpress\/wp-json\/wp\/v2\/users\/1"}],"replies":[{"embeddable":true,"href":"https:\/\/www.der-bienenfreund.de\/wordpress\/wp-json\/wp\/v2\/comments?post=265"}],"version-history":[{"count":30,"href":"https:\/\/www.der-bienenfreund.de\/wordpress\/wp-json\/wp\/v2\/pages\/265\/revisions"}],"predecessor-version":[{"id":1579,"href":"https:\/\/www.der-bienenfreund.de\/wordpress\/wp-json\/wp\/v2\/pages\/265\/revisions\/1579"}],"wp:featuredmedia":[{"embeddable":true,"href":"https:\/\/www.der-bienenfreund.de\/wordpress\/wp-json\/wp\/v2\/media\/58"}],"wp:attachment":[{"href":"https:\/\/www.der-bienenfreund.de\/wordpress\/wp-json\/wp\/v2\/media?parent=265"}],"curies":[{"name":"wp","href":"https:\/\/api.w.org\/{rel}","templated":true}]}}