{"id":193,"date":"2018-03-03T11:00:26","date_gmt":"2018-03-03T11:00:26","guid":{"rendered":"https:\/\/www.der-bienenfreund.de\/wordpress\/?page_id=193"},"modified":"2020-03-17T21:34:40","modified_gmt":"2020-03-17T20:34:40","slug":"kontakt","status":"publish","type":"page","link":"https:\/\/www.der-bienenfreund.de\/wordpress\/kontakt\/","title":{"rendered":"Kontakt"},"content":{"rendered":"<p>Michael Weiler<br \/>\nDipl.Ing.agr., Imker<\/p>\n<p>Kasseler Stra\u00dfe 43<br \/>\nD-34281 Gudensberg<\/p>\n<p>Tel. +49 56 03 &#8211; 9199 203 f\u00fcr Imkerei (AB)<br \/>\nFax +49 56 03 &#8211; 9199 207<br \/>\n<a href=\"mailto:info@Der-Bienenfreund.de\">E-Mail<\/a><\/p>\n<p>Fachberatung:<br \/>\nTel. +49 56 03 &#8211; 9199 205 f\u00fcr Imkerberatung (AB)<br \/>\nB\u00fcrozeiten oft und nach Vereinbarung.<br \/>\n<a href=\"mailto:Imkerberatung@Demeter.de\">E-Mail<\/a><\/p>\n<p><a href=\"https:\/\/www.der-bienenfreund.de\/wordpress\/impressum\/\">Impressum<\/a> | <a href=\"https:\/\/www.der-bienenfreund.de\/wordpress\/datenschutzerklaerung\/\">Datenschutzerkl\u00e4rung<\/a><\/p>\n","protected":false},"excerpt":{"rendered":"<p>Michael Weiler Dipl.Ing.agr., Imker Kasseler Stra\u00dfe 43 D-34281 Gudensberg Tel. +49 56 03 &#8211; 9199 203 f\u00fcr Imkerei (AB) Fax +49 56 03 &#8211; 9199 207 E-Mail Fachberatung: Tel. +49 56 03 &#8211; 9199 205 f\u00fcr Imkerberatung (AB) B\u00fcrozeiten oft und nach Vereinbarung. E-Mail Impressum | Datenschutzerkl\u00e4rung<\/p>\n","protected":false},"author":1,"featured_media":41,"parent":0,"menu_order":0,"comment_status":"closed","ping_status":"closed","template":"page-templates\/template-fullwidth.php","meta":{"footnotes":""},"class_list":["post-193","page","type-page","status-publish","has-post-thumbnail","hentry"],"_links":{"self":[{"href":"https:\/\/www.der-bienenfreund.de\/wordpress\/wp-json\/wp\/v2\/pages\/193","targetHints":{"allow":["GET"]}}],"collection":[{"href":"https:\/\/www.der-bienenfreund.de\/wordpress\/wp-json\/wp\/v2\/pages"}],"about":[{"href":"https:\/\/www.der-bienenfreund.de\/wordpress\/wp-json\/wp\/v2\/types\/page"}],"author":[{"embeddable":true,"href":"https:\/\/www.der-bienenfreund.de\/wordpress\/wp-json\/wp\/v2\/users\/1"}],"replies":[{"embeddable":true,"href":"https:\/\/www.der-bienenfreund.de\/wordpress\/wp-json\/wp\/v2\/comments?post=193"}],"version-history":[{"count":13,"href":"https:\/\/www.der-bienenfreund.de\/wordpress\/wp-json\/wp\/v2\/pages\/193\/revisions"}],"predecessor-version":[{"id":1057,"href":"https:\/\/www.der-bienenfreund.de\/wordpress\/wp-json\/wp\/v2\/pages\/193\/revisions\/1057"}],"wp:featuredmedia":[{"embeddable":true,"href":"https:\/\/www.der-bienenfreund.de\/wordpress\/wp-json\/wp\/v2\/media\/41"}],"wp:attachment":[{"href":"https:\/\/www.der-bienenfreund.de\/wordpress\/wp-json\/wp\/v2\/media?parent=193"}],"curies":[{"name":"wp","href":"https:\/\/api.w.org\/{rel}","templated":true}]}}