{"id":1121,"date":"2020-05-18T21:19:38","date_gmt":"2020-05-18T20:19:38","guid":{"rendered":"https:\/\/www.der-bienenfreund.de\/?page_id=1121"},"modified":"2022-05-27T13:27:35","modified_gmt":"2022-05-27T11:27:35","slug":"wabenhonig","status":"publish","type":"page","link":"https:\/\/www.der-bienenfreund.de\/wordpress\/wabenhonig\/","title":{"rendered":"Wabenhonig"},"content":{"rendered":"<p><strong>Waben-Honig ist Honig in seiner urspr\u00fcnglichsten und edelsten H\u00fclle.<\/strong><br \/>\nBienenwachs ist W\u00e4rme und Licht.<br \/>\nDas Wachs kann mitgegessen werden.<\/p>\n<p>Der Imker l\u00e4sst seine Bienenv\u00f6lker im Fr\u00fchjahr und Sommer einige Waben ganz neu bauen &#8211; das Wachs dieser Waben ist wei\u00df wie Licht, sehr zart und fast transparent.<br \/>\nWenn die Bienen Honig in die Zellen der Waben eingelagert haben und diese Zellen sind verdeckelt, kann der Imker solche Waben entnehmen. Er teilt diese Waben in feine kleine Partien.<br \/>\nWabenhonig kann immer auch Anteile von durch die Bienen in die Zellen eingelagertem Pollen &#8211; Bienenbrot &#8211; enthalten und von Propolis.<\/p>\n","protected":false},"excerpt":{"rendered":"<p>Waben-Honig ist Honig in seiner urspr\u00fcnglichsten und edelsten H\u00fclle. Bienenwachs ist W\u00e4rme und Licht. Das Wachs kann mitgegessen werden. Der Imker l\u00e4sst seine Bienenv\u00f6lker im Fr\u00fchjahr und Sommer einige Waben ganz neu bauen &#8211; das Wachs dieser Waben ist wei\u00df wie Licht, sehr zart und fast transparent. Wenn die Bienen [&hellip;]<\/p>\n","protected":false},"author":2,"featured_media":59,"parent":0,"menu_order":0,"comment_status":"closed","ping_status":"closed","template":"","meta":{"footnotes":""},"class_list":["post-1121","page","type-page","status-publish","has-post-thumbnail","hentry"],"_links":{"self":[{"href":"https:\/\/www.der-bienenfreund.de\/wordpress\/wp-json\/wp\/v2\/pages\/1121","targetHints":{"allow":["GET"]}}],"collection":[{"href":"https:\/\/www.der-bienenfreund.de\/wordpress\/wp-json\/wp\/v2\/pages"}],"about":[{"href":"https:\/\/www.der-bienenfreund.de\/wordpress\/wp-json\/wp\/v2\/types\/page"}],"author":[{"embeddable":true,"href":"https:\/\/www.der-bienenfreund.de\/wordpress\/wp-json\/wp\/v2\/users\/2"}],"replies":[{"embeddable":true,"href":"https:\/\/www.der-bienenfreund.de\/wordpress\/wp-json\/wp\/v2\/comments?post=1121"}],"version-history":[{"count":4,"href":"https:\/\/www.der-bienenfreund.de\/wordpress\/wp-json\/wp\/v2\/pages\/1121\/revisions"}],"predecessor-version":[{"id":1462,"href":"https:\/\/www.der-bienenfreund.de\/wordpress\/wp-json\/wp\/v2\/pages\/1121\/revisions\/1462"}],"wp:featuredmedia":[{"embeddable":true,"href":"https:\/\/www.der-bienenfreund.de\/wordpress\/wp-json\/wp\/v2\/media\/59"}],"wp:attachment":[{"href":"https:\/\/www.der-bienenfreund.de\/wordpress\/wp-json\/wp\/v2\/media?parent=1121"}],"curies":[{"name":"wp","href":"https:\/\/api.w.org\/{rel}","templated":true}]}}