{"id":105,"date":"2018-02-28T11:10:51","date_gmt":"2018-02-28T11:10:51","guid":{"rendered":"https:\/\/www.der-bienenfreund.de\/wordpress\/?page_id=105"},"modified":"2025-01-03T10:54:00","modified_gmt":"2025-01-03T09:54:00","slug":"fachberatung","status":"publish","type":"page","link":"https:\/\/www.der-bienenfreund.de\/wordpress\/fachberatung\/","title":{"rendered":"Fachberatung"},"content":{"rendered":"<h3><a href=\"https:\/\/www.der-bienenfreund.de\/tagung-im-november\/\"><img loading=\"lazy\" decoding=\"async\" src=\"https:\/\/www.der-bienenfreund.de\/wordpress\/wp-content\/uploads\/2023\/02\/bwt-300x300.png\" alt=\"\" class=\"wp-image-1539 aligncenter\" width=\"243\" height=\"243\" srcset=\"https:\/\/www.der-bienenfreund.de\/wordpress\/wp-content\/uploads\/2023\/02\/bwt-300x300.png 300w, https:\/\/www.der-bienenfreund.de\/wordpress\/wp-content\/uploads\/2023\/02\/bwt-150x150.png 150w, https:\/\/www.der-bienenfreund.de\/wordpress\/wp-content\/uploads\/2023\/02\/bwt.png 532w\" sizes=\"auto, (max-width: 243px) 100vw, 243px\" \/><\/a>Fachberatung f\u00fcr Demeter-Bienenhaltung und \u00f6kologisch orientierte Imkerei<\/h3>\n<div id=\"attachment_373\" style=\"width: 310px\" class=\"wp-caption alignright\"><img loading=\"lazy\" decoding=\"async\" aria-describedby=\"caption-attachment-373\" src=\"https:\/\/www.der-bienenfreund.de\/wordpress\/wp-content\/uploads\/2018\/12\/IMG_6840-300x200.jpg\" alt=\"\" class=\"wp-image-373 size-medium\" width=\"300\" height=\"200\" srcset=\"https:\/\/www.der-bienenfreund.de\/wordpress\/wp-content\/uploads\/2018\/12\/IMG_6840-300x200.jpg 300w, https:\/\/www.der-bienenfreund.de\/wordpress\/wp-content\/uploads\/2018\/12\/IMG_6840-768x512.jpg 768w, https:\/\/www.der-bienenfreund.de\/wordpress\/wp-content\/uploads\/2018\/12\/IMG_6840-1024x683.jpg 1024w, https:\/\/www.der-bienenfreund.de\/wordpress\/wp-content\/uploads\/2018\/12\/IMG_6840-360x240.jpg 360w\" sizes=\"auto, (max-width: 300px) 100vw, 300px\" \/><p id=\"caption-attachment-373\" class=\"wp-caption-text\">Beratung mit Imkern am Bienenstand w\u00e4hrend einer Kurs- und Beratungsreise nach Serbien im Sommer 2014<\/p><\/div>\n<p>Seit \u00fcber zwanzig Jahren biete ich Fachberatung und Umstellungsberatung f\u00fcr Demeter-Bienenhaltung und\/oder eine \u00f6kologisch orientierte Imkerei an.<br \/>\nEinen Beitrag \u00fcber eine Umstellung zur Demeter-Bienenhaltung finden Sie auf der Homepage der Zeitschrift <a href=\"http:\/\/www.lebendigeerde.de\/index.php?id=schwerpunkt_141\" target=\"_blank\" rel=\"noopener noreferrer\">&#8222;Lebendige Erde&#8220;<\/a> &#8211; dort publiziere ich regelm\u00e4\u00dfig zu Hintergrund und Praxis einer wesensgem\u00e4\u00dfen Bienenhaltung. Einen Teil meiner Publikationen finden Sie <a href=\"https:\/\/www.der-bienenfreund.de\/publikationen\/\" target=\"_blank\" rel=\"noopener noreferrer\">hier<\/a>.<\/p>\n<p>Aktuell bin ich noch f\u00fcr die Fach- und Umstellungsberatung f\u00fcr <a href=\"https:\/\/www.demeter-im-westen.de\/\" target=\"_blank\" rel=\"noopener\">Demeter im Westen<\/a> zust\u00e4ndig &#8211; dies umfasst die Region Hessen, Nordrhein-Westfalen, Rheinland-Pfalz und Saarland.<\/p>\n<p>Siehe auch unter Verweise auf <a href=\"https:\/\/www.der-bienenfreund.de\/linkempfehlungen\/\">Richtlinien zur Bienenhaltung<\/a><\/p>\n<p>Im Verzeichnis &#8222;<a href=\"https:\/\/www.biodynamic-advisors.org\/verzeichnis-berater-innen\" target=\"_blank\" rel=\"noopener noreferrer\">Internationale Biodynamische Beratung<\/a>&#8220; bin ich als Demeter-Berater aufgef\u00fchrt.<\/p>\n<p>Hinweise auf weitere BeraterInnen f\u00fcr Demeter-Bienenhaltung finden Sie <a href=\"https:\/\/www.demeter.de\/beratung\/imker\" target=\"_blank\" rel=\"noopener\">hier<\/a>.<\/p>\n<p><strong>F\u00fcr eine Beratung k\u00f6nnen Sie mich kontaktieren unter:<\/strong><\/p>\n<p>Michael Weiler<br \/>\n(Dipl.Ing.agr., Imker)<br \/>\nFachberatung f\u00fcr Demeter-Bienenhaltung und \u00f6kologisch orientierte Imkerei<\/p>\n<p>Kasseler Stra\u00dfe 43<br \/>\nD-34281 Gudensberg<\/p>\n<p>Tel. +49 56 03 &#8211; 919 9205 (AB)<br \/>\nIch bin oft zu erreichen aber nicht regelm\u00e4\u00dfig &#8211; versuchen Sie es einfach &#8211; oder senden Sie mir eine Nachricht per <a href=\"mailto:Imkerberatung@Demeter.de\" target=\"_blank\" rel=\"noopener noreferrer\">E-Mail<\/a> f\u00fcr eine Terminvereinbarung<br \/>\nFax +49 56 03 &#8211; 919 9207<\/p>\n<p><a href=\"mailto:Imkerberatung@Demeter.de\"><\/a><strong>Als Berater bin ich freiberuflich und selbst\u00e4ndig t\u00e4tig<\/strong><br \/>\n\u2013 Imkerberatung wird oft als eine ideelle Dienstleistung verstanden. Eine gute Beratung schafft Voraussetzung f\u00fcr Wertbildung und Wertsch\u00f6pfung. Damit ich diese gut leisten kann, ist auch ein finanzieller R\u00fcckflu\u00df notwendig. Sprechen Sie mich an \u2013 wir \u00fcberlegen dann gemeinsam, was eine gute Beratung wert sein darf und ob es f\u00fcr Ihren besonderen Fall z.B. F\u00f6rderm\u00f6glichkeiten geben k\u00f6nnte.<\/p>\n","protected":false},"excerpt":{"rendered":"<p>Fachberatung f\u00fcr Demeter-Bienenhaltung und \u00f6kologisch orientierte Imkerei Seit \u00fcber zwanzig Jahren biete ich Fachberatung und Umstellungsberatung f\u00fcr Demeter-Bienenhaltung und\/oder eine \u00f6kologisch orientierte Imkerei an. Einen Beitrag \u00fcber eine Umstellung zur Demeter-Bienenhaltung finden Sie auf der Homepage der Zeitschrift &#8222;Lebendige Erde&#8220; &#8211; dort publiziere ich regelm\u00e4\u00dfig zu Hintergrund und Praxis einer [&hellip;]<\/p>\n","protected":false},"author":1,"featured_media":58,"parent":0,"menu_order":0,"comment_status":"closed","ping_status":"closed","template":"page-templates\/template-fullwidth.php","meta":{"footnotes":""},"class_list":["post-105","page","type-page","status-publish","has-post-thumbnail","hentry"],"_links":{"self":[{"href":"https:\/\/www.der-bienenfreund.de\/wordpress\/wp-json\/wp\/v2\/pages\/105","targetHints":{"allow":["GET"]}}],"collection":[{"href":"https:\/\/www.der-bienenfreund.de\/wordpress\/wp-json\/wp\/v2\/pages"}],"about":[{"href":"https:\/\/www.der-bienenfreund.de\/wordpress\/wp-json\/wp\/v2\/types\/page"}],"author":[{"embeddable":true,"href":"https:\/\/www.der-bienenfreund.de\/wordpress\/wp-json\/wp\/v2\/users\/1"}],"replies":[{"embeddable":true,"href":"https:\/\/www.der-bienenfreund.de\/wordpress\/wp-json\/wp\/v2\/comments?post=105"}],"version-history":[{"count":47,"href":"https:\/\/www.der-bienenfreund.de\/wordpress\/wp-json\/wp\/v2\/pages\/105\/revisions"}],"predecessor-version":[{"id":1722,"href":"https:\/\/www.der-bienenfreund.de\/wordpress\/wp-json\/wp\/v2\/pages\/105\/revisions\/1722"}],"wp:featuredmedia":[{"embeddable":true,"href":"https:\/\/www.der-bienenfreund.de\/wordpress\/wp-json\/wp\/v2\/media\/58"}],"wp:attachment":[{"href":"https:\/\/www.der-bienenfreund.de\/wordpress\/wp-json\/wp\/v2\/media?parent=105"}],"curies":[{"name":"wp","href":"https:\/\/api.w.org\/{rel}","templated":true}]}}