{"id":100,"date":"2018-02-28T11:08:34","date_gmt":"2018-02-28T11:08:34","guid":{"rendered":"https:\/\/www.der-bienenfreund.de\/wordpress\/?page_id=100"},"modified":"2025-01-03T10:48:28","modified_gmt":"2025-01-03T09:48:28","slug":"vita","status":"publish","type":"page","link":"https:\/\/www.der-bienenfreund.de\/wordpress\/vita\/","title":{"rendered":"Vita"},"content":{"rendered":"<h3>Nur meine Familie begleitet mich in diesem Leben schon l\u00e4nger als die Bienen.<\/h3>\n<p><img loading=\"lazy\" decoding=\"async\" src=\"https:\/\/www.der-bienenfreund.de\/wordpress\/wp-content\/uploads\/2018\/02\/IMG_1175-300x225.jpg\" alt=\"\" class=\"size-medium wp-image-61 alignright\" width=\"300\" height=\"225\" srcset=\"https:\/\/www.der-bienenfreund.de\/wordpress\/wp-content\/uploads\/2018\/02\/IMG_1175-300x225.jpg 300w, https:\/\/www.der-bienenfreund.de\/wordpress\/wp-content\/uploads\/2018\/02\/IMG_1175-768x576.jpg 768w, https:\/\/www.der-bienenfreund.de\/wordpress\/wp-content\/uploads\/2018\/02\/IMG_1175-1024x768.jpg 1024w\" sizes=\"auto, (max-width: 300px) 100vw, 300px\" \/><br \/>\nNeugierde und bald auch meine Liebe zu den Bienen begann in Witzenhausen w\u00e4hrend meines Landwirtschaftsstudiums an der Uni Kassel.<br \/>\nDie gepachtete Kirschplantage mit rund 100 B\u00e4umen rief klar vernehmbar nach Bienen. 1982 standen dann auf eben dieser Plantage meine ersten 3 Bienenv\u00f6lker: 3 DN-Kippmagazine mit je 4 Zargen voller Bienen. Die Honigernte im ersten Sommer war wirklich eine gute und ich war Imker.<br \/>\nDie rund zwei Meter Bienen- und Imkerb\u00fccher in der Uni-Bibliothek habe ich wohl alle gelesen und bald sollte ich meinen Mitstudenten \u00fcber Bienen und Imkerei berichten \u2013 damit wurde ich zum Bienenerz\u00e4hler.<\/p>\n<p>Nach dem Abschlu\u00df des Studiums mit meiner Diplomarbeit <a href=\"https:\/\/www.der-bienenfreund.de\/wordpress\/wp-content\/uploads\/2018\/12\/WeilerM1986-ProblematikEnthornungMilchk\u00fche20140616.pdf\" target=\"_blank\" rel=\"noopener noreferrer\">\u201eZur Problematik der Enthornung bei Milchk\u00fchen\u201c<\/a> gr\u00fcndete ich mit einem Freund zusammen die \u201eBienenpflegegemeinschaft Kassel\u201c. Wir hatten das Gl\u00fcck an bis zu 10 Standorten in und um Kassel Bienenv\u00f6lker zu betreuen. Es waren ca. 50 bis 70 V\u00f6lker in verschiedenen Beutensystemen: Hinterbehandlungsbeuten (Bienenhaus mit Bl\u00e4tterst\u00f6cken, Freudenstein, Badische Dreietager), Trogbeuten, Golzbeuten, Magazinbeuten, u.a.m.<br \/>\nWir ernteten die Honige an den einzelnen Standorten immer gesondert. Sehr aromatische Vielbl\u00fcten- und Jahreszeitenhonige von jeder Lage, jedes Jahr mit eigenem Gepr\u00e4ge \u2013 und wir f\u00fchrten damals den Begriff des \u201eLagenhonigs\u201c ein.<\/p>\n<p>Unsere Imkerei wurde ab 1996 nach den <a href=\"https:\/\/www.demeter.de\/richtlinien-zertifizierung\" target=\"_blank\" rel=\"noopener noreferrer\">Richtlinien zur Demeter-Bienenhaltung<\/a> kontrolliert und zertifiziert.<\/p>\n<p>Ab 1991\/92 erarbeitete ich zusammen mit <a href=\"http:\/\/www.imkerei-friedmann.de\" target=\"_blank\" rel=\"noopener noreferrer\">G\u00fcnter Friedmann<\/a>, Thomas Radetzki (<a href=\"http:\/\/www.Mellifera.de\" target=\"_blank\" rel=\"noopener noreferrer\">www.Mellifera.de<\/a>, <a href=\"http:\/\/www.Aurelia-Stiftung.de\" target=\"_blank\" rel=\"noopener noreferrer\">www.Aurelia-Stiftung.de<\/a>) und anderen Pionieren die Richtlinien f\u00fcr \u00d6ko-Imkerei und schlie\u00dflich f\u00fcr die Demeter-Bienenhaltung.<\/p>\n<p>Nun bot ich erste Bienenkurse an und verfasste erste Aufs\u00e4tze \u00fcber das Bienenleben und die Imkerei. Ebenfalls 1996 erschien dann auch mein Buch \u00fcber das Leben der Honigbienen &#8222;<a href=\"https:\/\/www.der-bienenfreund.de\/mein-buch\/\" target=\"_blank\" rel=\"noopener noreferrer\">Der Mensch und die Bienen &#8211; Betrachtungen zu den Lebens\u00e4u\u00dferungen des BIEN<\/a>&#8220;<\/p>\n<p>Von 2003 bis 2019 lebte und arbeitete ich mit meiner Familie in Baden-W\u00fcrttemberg. Neben der beruflichen T\u00e4tigkeit als Fachberater, Vortragsredner und Kursleiter betreibe ich <a href=\"https:\/\/www.der-bienenfreund.de\/wordpress\/meine-imkerei\/\" rel=\"noopener\">eine kleine feine Bienenhaltung<\/a>.<br \/>\nIm Sommer 2019 sind meine Frau und ich wieder in die Region Nordhessen zur\u00fcck gezogen.<\/p>\n<p>Schon in Kassel war ich \u00fcber viele Jahre als Bienensachverst\u00e4ndiger (BSV) in Zusammenarbeit mit dem dortigen Veterin\u00e4r in der Kontrolle und und in der Bek\u00e4mpfung der &#8222;Amerikanischen Faulbrut&#8220; t\u00e4tig. 2017 habe ich die Ausbildung daf\u00fcr beim Veterin\u00e4runtersuchungsamt in Freiburg <a href=\"https:\/\/www.der-bienenfreund.de\/wordpress\/wp-content\/uploads\/2019\/01\/BSV-Kurs-Teilnahme20170328.pdf\" target=\"_blank\" rel=\"noopener noreferrer\">erneuert.<\/a><\/p>\n","protected":false},"excerpt":{"rendered":"<p>Nur meine Familie begleitet mich in diesem Leben schon l\u00e4nger als die Bienen. Neugierde und bald auch meine Liebe zu den Bienen begann in Witzenhausen w\u00e4hrend meines Landwirtschaftsstudiums an der Uni Kassel. Die gepachtete Kirschplantage mit rund 100 B\u00e4umen rief klar vernehmbar nach Bienen. 1982 standen dann auf eben dieser [&hellip;]<\/p>\n","protected":false},"author":1,"featured_media":62,"parent":0,"menu_order":0,"comment_status":"closed","ping_status":"closed","template":"page-templates\/template-fullwidth.php","meta":{"footnotes":""},"class_list":["post-100","page","type-page","status-publish","has-post-thumbnail","hentry"],"_links":{"self":[{"href":"https:\/\/www.der-bienenfreund.de\/wordpress\/wp-json\/wp\/v2\/pages\/100","targetHints":{"allow":["GET"]}}],"collection":[{"href":"https:\/\/www.der-bienenfreund.de\/wordpress\/wp-json\/wp\/v2\/pages"}],"about":[{"href":"https:\/\/www.der-bienenfreund.de\/wordpress\/wp-json\/wp\/v2\/types\/page"}],"author":[{"embeddable":true,"href":"https:\/\/www.der-bienenfreund.de\/wordpress\/wp-json\/wp\/v2\/users\/1"}],"replies":[{"embeddable":true,"href":"https:\/\/www.der-bienenfreund.de\/wordpress\/wp-json\/wp\/v2\/comments?post=100"}],"version-history":[{"count":17,"href":"https:\/\/www.der-bienenfreund.de\/wordpress\/wp-json\/wp\/v2\/pages\/100\/revisions"}],"predecessor-version":[{"id":1720,"href":"https:\/\/www.der-bienenfreund.de\/wordpress\/wp-json\/wp\/v2\/pages\/100\/revisions\/1720"}],"wp:featuredmedia":[{"embeddable":true,"href":"https:\/\/www.der-bienenfreund.de\/wordpress\/wp-json\/wp\/v2\/media\/62"}],"wp:attachment":[{"href":"https:\/\/www.der-bienenfreund.de\/wordpress\/wp-json\/wp\/v2\/media?parent=100"}],"curies":[{"name":"wp","href":"https:\/\/api.w.org\/{rel}","templated":true}]}}